{"id":40659,"date":"2025-11-24T18:12:01","date_gmt":"2025-11-24T17:12:01","guid":{"rendered":"https:\/\/oldehanhoff.nl\/?page_id=40659"},"modified":"2025-11-25T17:34:56","modified_gmt":"2025-11-25T16:34:56","slug":"20xx-kroatie-dalmatie-o-a-dubrovnik","status":"publish","type":"page","link":"https:\/\/vh2014zbeml-0.hosting-space.nl\/?page_id=40659","title":{"rendered":"20xx &#8211; Kroati\u00eb (Dalmati\u00eb &#8211; o.a. Dubrovnik)"},"content":{"rendered":"\n<figure class=\"wp-block-image size-large\"><img loading=\"lazy\" decoding=\"async\" width=\"1024\" height=\"400\" src=\"https:\/\/oldehanhoff.nl\/wp-content\/uploads\/2025\/11\/dubrovnik-1250x4881-1-1024x400.jpg\" alt=\"\" class=\"wp-image-40664\" srcset=\"https:\/\/vh2014zbeml-0.hosting-space.nl\/wp-content\/uploads\/2025\/11\/dubrovnik-1250x4881-1-1024x400.jpg 1024w, https:\/\/vh2014zbeml-0.hosting-space.nl\/wp-content\/uploads\/2025\/11\/dubrovnik-1250x4881-1-300x117.jpg 300w, https:\/\/vh2014zbeml-0.hosting-space.nl\/wp-content\/uploads\/2025\/11\/dubrovnik-1250x4881-1-768x300.jpg 768w, https:\/\/vh2014zbeml-0.hosting-space.nl\/wp-content\/uploads\/2025\/11\/dubrovnik-1250x4881-1-150x59.jpg 150w, https:\/\/vh2014zbeml-0.hosting-space.nl\/wp-content\/uploads\/2025\/11\/dubrovnik-1250x4881-1.jpg 1250w\" sizes=\"auto, (max-width: 1024px) 100vw, 1024px\" \/><\/figure>\n\n\n\n<p><\/p>\n\n\n\n<p>De geweldig mooie historische stad Dubrovnik, in de streek Dalmatie staat ook al tijden op mijn verlanglijstje. <br>Net als een terugkeer naar Pore\u010d trouwens. <br>Maar een bezoek aan <a href=\"https:\/\/oldehanhoff.nl\/?page_id=85\" data-type=\"page\" data-id=\"85\">Istri\u00eb<\/a> combineren met Dalmati\u00eb zal met het openbaar vervoer bijna niet te doen zijn. <br>Dus daarom splits ik deze enorme trip maar in twee\u00ebn.<\/p>\n\n\n\n<ul class=\"wp-block-list\">\n<li>Reisschema<\/li>\n\n\n\n<li>Hotel<\/li>\n\n\n\n<li><a href=\"https:\/\/oldehanhoff.nl\/?page_id=40680\" data-type=\"link\" data-id=\"https:\/\/oldehanhoff.nl\/?page_id=40680\">Info<\/a><\/li>\n\n\n\n<li>Links<\/li>\n<\/ul>\n\n\n\n<hr class=\"wp-block-separator has-alpha-channel-opacity\"\/>\n\n\n\n<h5 class=\"wp-block-heading\">Het laatste nieuws over deze vakantie:<\/h5>\n\n\n<strong><a href=\"https:\/\/vh2014zbeml-0.hosting-space.nl\/?cat=1158\">20xx \u2013 Kroati\u00eb (Dalmati\u00eb \u2013 o.a. Dubrovnik)<\/a><\/strong><p>Een leuke trip naar de Kroatische regio Dalmati\u00eb<\/p><ul class=\"lcp_catlist\" id=\"lcp_instance_0\"><li><a href=\"https:\/\/vh2014zbeml-0.hosting-space.nl\/?p=42356\">Promo ticketprijzen voor Plitvice Meren<\/a>  5 april 2026<\/li><li><a href=\"https:\/\/vh2014zbeml-0.hosting-space.nl\/?p=42018\">Een roadtrip door Kroati\u00eb vanuit Zadar<\/a>  6 maart 2026<\/li><li><a href=\"https:\/\/vh2014zbeml-0.hosting-space.nl\/?p=41952\">Oude sarcofaag ontdekt in Dubrovnik<\/a>  26 februari 2026<\/li><li><a href=\"https:\/\/vh2014zbeml-0.hosting-space.nl\/?p=41397\">Kroati\u00eb, een van de top 5 reisbestemmingen voor 2026<\/a>  2 januari 2026<\/li><li><a href=\"https:\/\/vh2014zbeml-0.hosting-space.nl\/?p=40791\">Historische MIG-21 boven Dubrovnik geplaatst<\/a>  8 december 2025<\/li><\/ul>\n","protected":false},"excerpt":{"rendered":"<p>De geweldig mooie historische stad Dubrovnik, in de streek Dalmatie staat ook al tijden op mijn verlanglijstje. Net als een terugkeer naar Pore\u010d trouwens. Maar een bezoek aan Istri\u00eb combineren met Dalmati\u00eb zal met het openbaar vervoer bijna niet te doen zijn. Dus daarom splits ik deze enorme trip maar\u2026<\/p>\n<p class=\"continue-reading-button\"> <a class=\"continue-reading-link\" href=\"https:\/\/vh2014zbeml-0.hosting-space.nl\/?page_id=40659\">Lees verder<i class=\"crycon-right-dir\"><\/i><\/a><\/p>\n","protected":false},"author":1,"featured_media":40664,"parent":46,"menu_order":0,"comment_status":"closed","ping_status":"closed","template":"","meta":{"_uag_custom_page_level_css":"","footnotes":"","_links_to":"","_links_to_target":""},"class_list":["post-40659","page","type-page","status-publish","has-post-thumbnail","hentry"],"uagb_featured_image_src":{"full":["https:\/\/vh2014zbeml-0.hosting-space.nl\/wp-content\/uploads\/2025\/11\/dubrovnik-1250x4881-1.jpg",1250,488,false],"thumbnail":["https:\/\/vh2014zbeml-0.hosting-space.nl\/wp-content\/uploads\/2025\/11\/dubrovnik-1250x4881-1-150x150.jpg",150,150,true],"medium":["https:\/\/vh2014zbeml-0.hosting-space.nl\/wp-content\/uploads\/2025\/11\/dubrovnik-1250x4881-1-300x117.jpg",300,117,true],"medium_large":["https:\/\/vh2014zbeml-0.hosting-space.nl\/wp-content\/uploads\/2025\/11\/dubrovnik-1250x4881-1-768x300.jpg",768,300,true],"large":["https:\/\/vh2014zbeml-0.hosting-space.nl\/wp-content\/uploads\/2025\/11\/dubrovnik-1250x4881-1-1024x400.jpg",900,352,true],"1536x1536":["https:\/\/vh2014zbeml-0.hosting-space.nl\/wp-content\/uploads\/2025\/11\/dubrovnik-1250x4881-1.jpg",1250,488,false],"2048x2048":["https:\/\/vh2014zbeml-0.hosting-space.nl\/wp-content\/uploads\/2025\/11\/dubrovnik-1250x4881-1.jpg",1250,488,false],"custom":["https:\/\/vh2014zbeml-0.hosting-space.nl\/wp-content\/uploads\/2025\/11\/dubrovnik-1250x4881-1-780x350.jpg",780,350,true],"post-thumbnail":["https:\/\/vh2014zbeml-0.hosting-space.nl\/wp-content\/uploads\/2025\/11\/dubrovnik-1250x4881-1-150x59.jpg",150,59,true],"header":["https:\/\/vh2014zbeml-0.hosting-space.nl\/wp-content\/uploads\/2025\/11\/dubrovnik-1250x4881-1-1180x140.jpg",1180,140,true],"slider":["https:\/\/vh2014zbeml-0.hosting-space.nl\/wp-content\/uploads\/2025\/11\/dubrovnik-1250x4881-1-1180x410.jpg",1180,410,true],"columns":["https:\/\/vh2014zbeml-0.hosting-space.nl\/wp-content\/uploads\/2025\/11\/dubrovnik-1250x4881-1-327x201.jpg",327,201,true]},"uagb_author_info":{"display_name":"Eddy","author_link":"https:\/\/vh2014zbeml-0.hosting-space.nl\/?author=1"},"uagb_comment_info":0,"uagb_excerpt":"De geweldig mooie historische stad Dubrovnik, in de streek Dalmatie staat ook al tijden op mijn verlanglijstje. Net als een terugkeer naar Pore\u010d trouwens. Maar een bezoek aan Istri\u00eb combineren met Dalmati\u00eb zal met het openbaar vervoer bijna niet te doen zijn. Dus daarom splits ik deze enorme trip maar\u2026 Lees verder","_links":{"self":[{"href":"https:\/\/vh2014zbeml-0.hosting-space.nl\/index.php?rest_route=\/wp\/v2\/pages\/40659","targetHints":{"allow":["GET"]}}],"collection":[{"href":"https:\/\/vh2014zbeml-0.hosting-space.nl\/index.php?rest_route=\/wp\/v2\/pages"}],"about":[{"href":"https:\/\/vh2014zbeml-0.hosting-space.nl\/index.php?rest_route=\/wp\/v2\/types\/page"}],"author":[{"embeddable":true,"href":"https:\/\/vh2014zbeml-0.hosting-space.nl\/index.php?rest_route=\/wp\/v2\/users\/1"}],"replies":[{"embeddable":true,"href":"https:\/\/vh2014zbeml-0.hosting-space.nl\/index.php?rest_route=%2Fwp%2Fv2%2Fcomments&post=40659"}],"version-history":[{"count":8,"href":"https:\/\/vh2014zbeml-0.hosting-space.nl\/index.php?rest_route=\/wp\/v2\/pages\/40659\/revisions"}],"predecessor-version":[{"id":40683,"href":"https:\/\/vh2014zbeml-0.hosting-space.nl\/index.php?rest_route=\/wp\/v2\/pages\/40659\/revisions\/40683"}],"up":[{"embeddable":true,"href":"https:\/\/vh2014zbeml-0.hosting-space.nl\/index.php?rest_route=\/wp\/v2\/pages\/46"}],"wp:featuredmedia":[{"embeddable":true,"href":"https:\/\/vh2014zbeml-0.hosting-space.nl\/index.php?rest_route=\/wp\/v2\/media\/40664"}],"wp:attachment":[{"href":"https:\/\/vh2014zbeml-0.hosting-space.nl\/index.php?rest_route=%2Fwp%2Fv2%2Fmedia&parent=40659"}],"curies":[{"name":"wp","href":"https:\/\/api.w.org\/{rel}","templated":true}]}}